{"id":32,"date":"2010-07-18T18:08:30","date_gmt":"2010-07-18T16:08:30","guid":{"rendered":"http:\/\/heinlmeier.he.funpic.de\/?page_id=32"},"modified":"2012-10-14T10:12:09","modified_gmt":"2012-10-14T08:12:09","slug":"mtb-runde-im-wienerwald","status":"publish","type":"page","link":"https:\/\/heinlmeier.lima-city.de\/?page_id=32","title":{"rendered":"MTB Video&#8217;s"},"content":{"rendered":"<p>Die meisten Videos sind mit der Contour HD am Helm montiert gemacht worden. Was die etwas seltsame Perspektive von ungew\u00f6hnlich weit oben erkl\u00e4rt. Die Videos mit der Kamera am Lenker erkennt man auch sofort.<\/p>\n<p><a href=\"http:\/\/heinlmeier.lima-city.de\/?page_id=621\" title=\"Habsburgwarte\">Habsburgwarte<\/a><\/p>\n<p><a href=\"http:\/\/heinlmeier.lima-city.de\/?page_id=624\" title=\"Granitbeisser 2010\">Granitbeisser 2010<\/a><\/p>\n<p><a href=\"http:\/\/heinlmeier.lima-city.de\/?page_id=627\" title=\"2.Gro\u00dfengersdorfer Querfeldein Trainingsrennen\">2.Gro\u00dfengersdorfer Querfeldein Trainingsrennen<\/a><\/p>\n<p><a href=\"http:\/\/heinlmeier.lima-city.de\/?page_id=634\" title=\"Singeltrail am Kahlenberg\">Singeltrail am Kahlenberg<\/a><\/p>\n<p><a href=\"http:\/\/heinlmeier.lima-city.de\/?page_id=638\" title=\"Sch\u00fctzengraben\">Sch\u00fctzengraben<\/a><\/p>\n<p><a href=\"http:\/\/heinlmeier.lima-city.de\/?page_id=640\" title=\"Von der Sulzwiese zur Wildgrube\">Von der Sulzwiese zur Wildgrube<\/a><\/p>\n<p><a href=\"http:\/\/heinlmeier.lima-city.de\/?page_id=647\" title=\"Nightride\">Nightride<\/a><\/p>\n","protected":false},"excerpt":{"rendered":"<p>Die meisten Videos sind mit der Contour HD am Helm montiert gemacht worden. Was die etwas seltsame Perspektive von ungew\u00f6hnlich weit oben erkl\u00e4rt. Die Videos mit der Kamera am Lenker erkennt man auch sofort. Habsburgwarte Granitbeisser 2010 2.Gro\u00dfengersdorfer Querfeldein Trainingsrennen &hellip; <a href=\"https:\/\/heinlmeier.lima-city.de\/?page_id=32\">Weiterlesen <span class=\"meta-nav\">&rarr;<\/span><\/a><\/p>\n","protected":false},"author":1,"featured_media":0,"parent":0,"menu_order":2,"comment_status":"closed","ping_status":"closed","template":"","meta":[],"_links":{"self":[{"href":"https:\/\/heinlmeier.lima-city.de\/index.php?rest_route=\/wp\/v2\/pages\/32"}],"collection":[{"href":"https:\/\/heinlmeier.lima-city.de\/index.php?rest_route=\/wp\/v2\/pages"}],"about":[{"href":"https:\/\/heinlmeier.lima-city.de\/index.php?rest_route=\/wp\/v2\/types\/page"}],"author":[{"embeddable":true,"href":"https:\/\/heinlmeier.lima-city.de\/index.php?rest_route=\/wp\/v2\/users\/1"}],"replies":[{"embeddable":true,"href":"https:\/\/heinlmeier.lima-city.de\/index.php?rest_route=%2Fwp%2Fv2%2Fcomments&post=32"}],"version-history":[{"count":5,"href":"https:\/\/heinlmeier.lima-city.de\/index.php?rest_route=\/wp\/v2\/pages\/32\/revisions"}],"predecessor-version":[{"id":619,"href":"https:\/\/heinlmeier.lima-city.de\/index.php?rest_route=\/wp\/v2\/pages\/32\/revisions\/619"}],"wp:attachment":[{"href":"https:\/\/heinlmeier.lima-city.de\/index.php?rest_route=%2Fwp%2Fv2%2Fmedia&parent=32"}],"curies":[{"name":"wp","href":"https:\/\/api.w.org\/{rel}","templated":true}]}}