{"id":395,"date":"2011-12-02T14:38:58","date_gmt":"2011-12-02T13:38:58","guid":{"rendered":"http:\/\/heinlmeier.he.funpic.de\/?page_id=395"},"modified":"2012-02-07T20:08:31","modified_gmt":"2012-02-07T19:08:31","slug":"ktm-team-machine","status":"publish","type":"page","link":"https:\/\/heinlmeier.lima-city.de\/?page_id=395","title":{"rendered":"KTM Team Machine"},"content":{"rendered":"<p>Das Rad ist Marke Eigenbau. Den Scandium Rahmen hab ich bei Ebay erstanden. Ebenso die SID Race Gabel, die mittlerweile einer neuen Reba RL 2012 weichen musste. S\u00e4mtliche Anbauteile wurden mittlerweile auch erneuert. Ein Mix aus SLX Schalthebel, XTR Schaltwerk und Umwerfer und XTR Scheibenbremsen. Lenker und Vorbau sind Ritchey Comp. Die Laufr\u00e4der sind Dtswiss XR 1450 und f\u00fcr den Einsatz auf der Stra\u00dfe und zB Marchfeldkanal stecke ich einfach die etwas billigeren Fulcrum Red Metal 5 Laufr\u00e4der mit Stra\u00dfenreifen drauf. Gesamtgewicht liegt bei knapp 10kg, beim Trainingsrad aber Nebensache.<\/p>\n<p><a href=\"http:\/\/heinlmeier.lima-city.de\/wp-content\/uploads\/2010\/07\/14875.jpg\"><img loading=\"lazy\" class=\"alignnone size-full wp-image-89\" title=\"KTM Team Machine\" src=\"http:\/\/heinlmeier.lima-city.de\/wp-content\/uploads\/2010\/07\/14875.jpg\" alt=\"mein Trainingsrad\" width=\"400\" height=\"273\" srcset=\"https:\/\/heinlmeier.lima-city.de\/wp-content\/uploads\/2010\/07\/14875.jpg 400w, https:\/\/heinlmeier.lima-city.de\/wp-content\/uploads\/2010\/07\/14875-300x204.jpg 300w\" sizes=\"(max-width: 400px) 100vw, 400px\" \/><\/a><\/p>\n","protected":false},"excerpt":{"rendered":"<p>Das Rad ist Marke Eigenbau. Den Scandium Rahmen hab ich bei Ebay erstanden. Ebenso die SID Race Gabel, die mittlerweile einer neuen Reba RL 2012 weichen musste. S\u00e4mtliche Anbauteile wurden mittlerweile auch erneuert. Ein Mix aus SLX Schalthebel, XTR Schaltwerk &hellip; <a href=\"https:\/\/heinlmeier.lima-city.de\/?page_id=395\">Weiterlesen <span class=\"meta-nav\">&rarr;<\/span><\/a><\/p>\n","protected":false},"author":1,"featured_media":0,"parent":84,"menu_order":1,"comment_status":"closed","ping_status":"closed","template":"","meta":[],"_links":{"self":[{"href":"https:\/\/heinlmeier.lima-city.de\/index.php?rest_route=\/wp\/v2\/pages\/395"}],"collection":[{"href":"https:\/\/heinlmeier.lima-city.de\/index.php?rest_route=\/wp\/v2\/pages"}],"about":[{"href":"https:\/\/heinlmeier.lima-city.de\/index.php?rest_route=\/wp\/v2\/types\/page"}],"author":[{"embeddable":true,"href":"https:\/\/heinlmeier.lima-city.de\/index.php?rest_route=\/wp\/v2\/users\/1"}],"replies":[{"embeddable":true,"href":"https:\/\/heinlmeier.lima-city.de\/index.php?rest_route=%2Fwp%2Fv2%2Fcomments&post=395"}],"version-history":[{"count":1,"href":"https:\/\/heinlmeier.lima-city.de\/index.php?rest_route=\/wp\/v2\/pages\/395\/revisions"}],"predecessor-version":[{"id":582,"href":"https:\/\/heinlmeier.lima-city.de\/index.php?rest_route=\/wp\/v2\/pages\/395\/revisions\/582"}],"up":[{"embeddable":true,"href":"https:\/\/heinlmeier.lima-city.de\/index.php?rest_route=\/wp\/v2\/pages\/84"}],"wp:attachment":[{"href":"https:\/\/heinlmeier.lima-city.de\/index.php?rest_route=%2Fwp%2Fv2%2Fmedia&parent=395"}],"curies":[{"name":"wp","href":"https:\/\/api.w.org\/{rel}","templated":true}]}}