{"id":404,"date":"2011-12-02T14:40:54","date_gmt":"2011-12-02T13:40:54","guid":{"rendered":"http:\/\/heinlmeier.he.funpic.de\/?page_id=404"},"modified":"2012-02-07T20:09:13","modified_gmt":"2012-02-07T19:09:13","slug":"ktm-myroon-prestige","status":"publish","type":"page","link":"https:\/\/heinlmeier.lima-city.de\/?page_id=404","title":{"rendered":"KTM Myroon Prestige"},"content":{"rendered":"<p>Aus der 2009er Serie als Komplettrad gekauft und unver\u00e4ndert im Einsatz bei Rennen. Carbon wo das Auge hinschaut, XTR Komplettausstattung und Dtswiss Carbonlaufr\u00e4der. Gesamtgewicht liegt bei 8.8kg aber mit vern\u00fcnftigen Reifen wie dem Nobby Nic vorne und Racing Ralph hinten, beide in 2.1 breite.<\/p>\n<p><strong><a href=\"http:\/\/heinlmeier.lima-city.de\/wp-content\/uploads\/2010\/07\/ktm-myroon-prestige.jpg\"><img loading=\"lazy\" class=\"alignnone size-full wp-image-93\" title=\"ktm-myroon-prestige\" src=\"http:\/\/heinlmeier.lima-city.de\/wp-content\/uploads\/2010\/07\/ktm-myroon-prestige.jpg\" alt=\"\" width=\"420\" height=\"253\" srcset=\"https:\/\/heinlmeier.lima-city.de\/wp-content\/uploads\/2010\/07\/ktm-myroon-prestige.jpg 600w, https:\/\/heinlmeier.lima-city.de\/wp-content\/uploads\/2010\/07\/ktm-myroon-prestige-300x180.jpg 300w\" sizes=\"(max-width: 420px) 100vw, 420px\" \/><\/a><\/strong><\/p>\n","protected":false},"excerpt":{"rendered":"<p>Aus der 2009er Serie als Komplettrad gekauft und unver\u00e4ndert im Einsatz bei Rennen. Carbon wo das Auge hinschaut, XTR Komplettausstattung und Dtswiss Carbonlaufr\u00e4der. Gesamtgewicht liegt bei 8.8kg aber mit vern\u00fcnftigen Reifen wie dem Nobby Nic vorne und Racing Ralph hinten, &hellip; <a href=\"https:\/\/heinlmeier.lima-city.de\/?page_id=404\">Weiterlesen <span class=\"meta-nav\">&rarr;<\/span><\/a><\/p>\n","protected":false},"author":1,"featured_media":0,"parent":84,"menu_order":3,"comment_status":"closed","ping_status":"closed","template":"","meta":[],"_links":{"self":[{"href":"https:\/\/heinlmeier.lima-city.de\/index.php?rest_route=\/wp\/v2\/pages\/404"}],"collection":[{"href":"https:\/\/heinlmeier.lima-city.de\/index.php?rest_route=\/wp\/v2\/pages"}],"about":[{"href":"https:\/\/heinlmeier.lima-city.de\/index.php?rest_route=\/wp\/v2\/types\/page"}],"author":[{"embeddable":true,"href":"https:\/\/heinlmeier.lima-city.de\/index.php?rest_route=\/wp\/v2\/users\/1"}],"replies":[{"embeddable":true,"href":"https:\/\/heinlmeier.lima-city.de\/index.php?rest_route=%2Fwp%2Fv2%2Fcomments&post=404"}],"version-history":[{"count":1,"href":"https:\/\/heinlmeier.lima-city.de\/index.php?rest_route=\/wp\/v2\/pages\/404\/revisions"}],"predecessor-version":[{"id":584,"href":"https:\/\/heinlmeier.lima-city.de\/index.php?rest_route=\/wp\/v2\/pages\/404\/revisions\/584"}],"up":[{"embeddable":true,"href":"https:\/\/heinlmeier.lima-city.de\/index.php?rest_route=\/wp\/v2\/pages\/84"}],"wp:attachment":[{"href":"https:\/\/heinlmeier.lima-city.de\/index.php?rest_route=%2Fwp%2Fv2%2Fmedia&parent=404"}],"curies":[{"name":"wp","href":"https:\/\/api.w.org\/{rel}","templated":true}]}}