{"id":408,"date":"2011-12-02T14:41:32","date_gmt":"2011-12-02T13:41:32","guid":{"rendered":"http:\/\/heinlmeier.he.funpic.de\/?page_id=408"},"modified":"2012-02-07T20:09:36","modified_gmt":"2012-02-07T19:09:36","slug":"ktm-strada-lc-5000","status":"publish","type":"page","link":"https:\/\/heinlmeier.lima-city.de\/?page_id=408","title":{"rendered":"KTM Strada LC 5000"},"content":{"rendered":"<p>Meine j\u00fcngste Errungenschaft und ebenfalls unver\u00e4ndert im Einsatz. F\u00fcr mein Training nicht unbedingt erforderlich, aber eine nette Abwechslung und ein Hauch von Luxus beim Fahren auf der Stra\u00dfe.<\/p>\n<p><a href=\"http:\/\/heinlmeier.lima-city.de\/wp-content\/uploads\/2010\/07\/Strada-LC-5000.jpg\"><img loading=\"lazy\" class=\"alignnone size-full wp-image-239\" title=\"Strada-LC-5000\" src=\"http:\/\/heinlmeier.lima-city.de\/wp-content\/uploads\/2010\/07\/Strada-LC-5000.jpg\" alt=\"\" width=\"512\" height=\"342\" srcset=\"https:\/\/heinlmeier.lima-city.de\/wp-content\/uploads\/2010\/07\/Strada-LC-5000.jpg 800w, https:\/\/heinlmeier.lima-city.de\/wp-content\/uploads\/2010\/07\/Strada-LC-5000-300x200.jpg 300w\" sizes=\"(max-width: 512px) 100vw, 512px\" \/><\/a><\/p>\n","protected":false},"excerpt":{"rendered":"<p>Meine j\u00fcngste Errungenschaft und ebenfalls unver\u00e4ndert im Einsatz. F\u00fcr mein Training nicht unbedingt erforderlich, aber eine nette Abwechslung und ein Hauch von Luxus beim Fahren auf der Stra\u00dfe.<\/p>\n","protected":false},"author":1,"featured_media":0,"parent":84,"menu_order":4,"comment_status":"closed","ping_status":"closed","template":"","meta":[],"_links":{"self":[{"href":"https:\/\/heinlmeier.lima-city.de\/index.php?rest_route=\/wp\/v2\/pages\/408"}],"collection":[{"href":"https:\/\/heinlmeier.lima-city.de\/index.php?rest_route=\/wp\/v2\/pages"}],"about":[{"href":"https:\/\/heinlmeier.lima-city.de\/index.php?rest_route=\/wp\/v2\/types\/page"}],"author":[{"embeddable":true,"href":"https:\/\/heinlmeier.lima-city.de\/index.php?rest_route=\/wp\/v2\/users\/1"}],"replies":[{"embeddable":true,"href":"https:\/\/heinlmeier.lima-city.de\/index.php?rest_route=%2Fwp%2Fv2%2Fcomments&post=408"}],"version-history":[{"count":1,"href":"https:\/\/heinlmeier.lima-city.de\/index.php?rest_route=\/wp\/v2\/pages\/408\/revisions"}],"predecessor-version":[{"id":585,"href":"https:\/\/heinlmeier.lima-city.de\/index.php?rest_route=\/wp\/v2\/pages\/408\/revisions\/585"}],"up":[{"embeddable":true,"href":"https:\/\/heinlmeier.lima-city.de\/index.php?rest_route=\/wp\/v2\/pages\/84"}],"wp:attachment":[{"href":"https:\/\/heinlmeier.lima-city.de\/index.php?rest_route=%2Fwp%2Fv2%2Fmedia&parent=408"}],"curies":[{"name":"wp","href":"https:\/\/api.w.org\/{rel}","templated":true}]}}