{"id":419,"date":"2011-12-02T15:01:12","date_gmt":"2011-12-02T14:01:12","guid":{"rendered":"http:\/\/heinlmeier.he.funpic.de\/?page_id=419"},"modified":"2012-02-07T20:10:05","modified_gmt":"2012-02-07T19:10:05","slug":"garmin-dakota-20","status":"publish","type":"page","link":"https:\/\/heinlmeier.lima-city.de\/?page_id=419","title":{"rendered":"Garmin Dakota 20"},"content":{"rendered":"<p>Aus der Vielzahl von GPS Ger\u00e4ten habe ich mich f\u00fcr das Dakota 20 entschieden.<br \/>\nEinen Radcomputer mit GPS wollte ich nicht, weshalb Ger\u00e4te wie der EDGE 305 oder EDGE 705 nicht in Frage gekommen sind. Au\u00dferdem wollte ich nicht nur Aufzeichnen und eine elektronische Wanderkarte, sondern ein Navigationsger\u00e4t das einem von &#8222;A&#8220; nach &#8222;B&#8220; mit Abbiegeanweisungen leiten kann.<br \/>\nMittlerweile gibt es das EDGE 800 als Nachfolger des 705 inklusive aller Funktionen vom Dakota 20, nur kostet es auch das Doppelte.<br \/>\n<div id=\"attachment_420\" style=\"width: 310px\" class=\"wp-caption alignnone\"><a href=\"http:\/\/heinlmeier.lima-city.de\/wp-content\/uploads\/2011\/12\/dakota20.jpg\"><img aria-describedby=\"caption-attachment-420\" loading=\"lazy\" src=\"http:\/\/heinlmeier.lima-city.de\/wp-content\/uploads\/2011\/12\/dakota20.jpg\" alt=\"Dakota20\" title=\"Dakota20\" width=\"300\" height=\"300\" class=\"size-full wp-image-420\" srcset=\"https:\/\/heinlmeier.lima-city.de\/wp-content\/uploads\/2011\/12\/dakota20.jpg 300w, https:\/\/heinlmeier.lima-city.de\/wp-content\/uploads\/2011\/12\/dakota20-150x150.jpg 150w\" sizes=\"(max-width: 300px) 100vw, 300px\" \/><\/a><p id=\"caption-attachment-420\" class=\"wp-caption-text\">Dakota20<\/p><\/div><\/p>\n","protected":false},"excerpt":{"rendered":"<p>Aus der Vielzahl von GPS Ger\u00e4ten habe ich mich f\u00fcr das Dakota 20 entschieden. Einen Radcomputer mit GPS wollte ich nicht, weshalb Ger\u00e4te wie der EDGE 305 oder EDGE 705 nicht in Frage gekommen sind. Au\u00dferdem wollte ich nicht nur &hellip; <a href=\"https:\/\/heinlmeier.lima-city.de\/?page_id=419\">Weiterlesen <span class=\"meta-nav\">&rarr;<\/span><\/a><\/p>\n","protected":false},"author":1,"featured_media":0,"parent":84,"menu_order":5,"comment_status":"closed","ping_status":"closed","template":"","meta":[],"_links":{"self":[{"href":"https:\/\/heinlmeier.lima-city.de\/index.php?rest_route=\/wp\/v2\/pages\/419"}],"collection":[{"href":"https:\/\/heinlmeier.lima-city.de\/index.php?rest_route=\/wp\/v2\/pages"}],"about":[{"href":"https:\/\/heinlmeier.lima-city.de\/index.php?rest_route=\/wp\/v2\/types\/page"}],"author":[{"embeddable":true,"href":"https:\/\/heinlmeier.lima-city.de\/index.php?rest_route=\/wp\/v2\/users\/1"}],"replies":[{"embeddable":true,"href":"https:\/\/heinlmeier.lima-city.de\/index.php?rest_route=%2Fwp%2Fv2%2Fcomments&post=419"}],"version-history":[{"count":1,"href":"https:\/\/heinlmeier.lima-city.de\/index.php?rest_route=\/wp\/v2\/pages\/419\/revisions"}],"predecessor-version":[{"id":586,"href":"https:\/\/heinlmeier.lima-city.de\/index.php?rest_route=\/wp\/v2\/pages\/419\/revisions\/586"}],"up":[{"embeddable":true,"href":"https:\/\/heinlmeier.lima-city.de\/index.php?rest_route=\/wp\/v2\/pages\/84"}],"wp:attachment":[{"href":"https:\/\/heinlmeier.lima-city.de\/index.php?rest_route=%2Fwp%2Fv2%2Fmedia&parent=419"}],"curies":[{"name":"wp","href":"https:\/\/api.w.org\/{rel}","templated":true}]}}