{"id":429,"date":"2011-12-02T15:42:49","date_gmt":"2011-12-02T14:42:49","guid":{"rendered":"http:\/\/heinlmeier.he.funpic.de\/?page_id=429"},"modified":"2012-10-14T10:08:32","modified_gmt":"2012-10-14T08:08:32","slug":"sigma-powerled-evo","status":"publish","type":"page","link":"https:\/\/heinlmeier.lima-city.de\/?page_id=429","title":{"rendered":"Sigma Powerled Evo"},"content":{"rendered":"<p>Als Nachfolger f\u00fcr mein Sigma Mirage Evo\/Evo X Set habe ich mich f\u00fcr die Sigma Powerled Evo entschieden. Im &#8222;K&#8220; Set ist Lenker-, Helm Halterung mit Verl\u00e4ngerungskabel und der XL Akku enthalten.<br \/>\nEntscheidungsgrund waren die guten Erfahrungen mit dem alten Mirage Evo Set, und die laut Hersteller 900 Lumen starke LED. Bevor jetzt wieder so ein Superhirn die Angaben bezweifelt: &#8222;JA, so viel Licht bringt die Lampe nicht auf die Stra\u00dfe&#8230; blabla.&#8220; Schafft Lupine auch bei keiner seiner Super Luxuslampen! Im Gegensatz zu Sigma behaupten sie das aber! Die Powerled Evo kostet auch nur 135\u20ac. Und auf etwa 100m Entfernung erkennst du jede noch so dunkel gekleidete, hirnlose und unbeleuchtet Trauergestalt. Bereits in der schw\u00e4chsten Leuchtstufe von 30% \u00fcbertrifft die Powerled das Mirage Set, beide Lampen zusammen, in jeder Hinsicht. Verglichen mit der MyTinySun 900 leuchtet die Sigma den Weg gleich breit aus aber deutlich gleichm\u00e4\u00dfiger. Die MyTinySun schafft daf\u00fcr in der Entfernung ein paar Meter mehr. Aber trotz allem empfehle ich immer noch eine zweite Lampe am Helm.<\/p>\n<p><a href=\"http:\/\/heinlmeier.lima-city.de\/wp-content\/uploads\/2011\/12\/Sigma_Powerled_Evo.jpg\"><img loading=\"lazy\" src=\"http:\/\/heinlmeier.lima-city.de\/wp-content\/uploads\/2011\/12\/Sigma_Powerled_Evo.jpg\" alt=\"\" title=\"Sigma_Powerled_Evo\" width=\"735\" height=\"540\" class=\"alignnone size-full wp-image-430\" srcset=\"https:\/\/heinlmeier.lima-city.de\/wp-content\/uploads\/2011\/12\/Sigma_Powerled_Evo.jpg 735w, https:\/\/heinlmeier.lima-city.de\/wp-content\/uploads\/2011\/12\/Sigma_Powerled_Evo-300x220.jpg 300w\" sizes=\"(max-width: 735px) 100vw, 735px\" \/><\/a><\/p>\n<p><a href=\"http:\/\/heinlmeier.lima-city.de\/wp-content\/uploads\/2011\/12\/Sigma_PowerledEvoPro.jpg\"><img loading=\"lazy\" src=\"http:\/\/heinlmeier.lima-city.de\/wp-content\/uploads\/2011\/12\/Sigma_PowerledEvoPro.jpg\" alt=\"\" title=\"Sigma_PowerledEvoPro\" width=\"800\" height=\"600\" class=\"aligncenter size-full wp-image-783\" srcset=\"https:\/\/heinlmeier.lima-city.de\/wp-content\/uploads\/2011\/12\/Sigma_PowerledEvoPro.jpg 800w, https:\/\/heinlmeier.lima-city.de\/wp-content\/uploads\/2011\/12\/Sigma_PowerledEvoPro-300x225.jpg 300w\" sizes=\"(max-width: 800px) 100vw, 800px\" \/><\/a><\/p>\n","protected":false},"excerpt":{"rendered":"<p>Als Nachfolger f\u00fcr mein Sigma Mirage Evo\/Evo X Set habe ich mich f\u00fcr die Sigma Powerled Evo entschieden. Im &#8222;K&#8220; Set ist Lenker-, Helm Halterung mit Verl\u00e4ngerungskabel und der XL Akku enthalten. Entscheidungsgrund waren die guten Erfahrungen mit dem alten &hellip; <a href=\"https:\/\/heinlmeier.lima-city.de\/?page_id=429\">Weiterlesen <span class=\"meta-nav\">&rarr;<\/span><\/a><\/p>\n","protected":false},"author":1,"featured_media":0,"parent":84,"menu_order":8,"comment_status":"closed","ping_status":"closed","template":"","meta":[],"_links":{"self":[{"href":"https:\/\/heinlmeier.lima-city.de\/index.php?rest_route=\/wp\/v2\/pages\/429"}],"collection":[{"href":"https:\/\/heinlmeier.lima-city.de\/index.php?rest_route=\/wp\/v2\/pages"}],"about":[{"href":"https:\/\/heinlmeier.lima-city.de\/index.php?rest_route=\/wp\/v2\/types\/page"}],"author":[{"embeddable":true,"href":"https:\/\/heinlmeier.lima-city.de\/index.php?rest_route=\/wp\/v2\/users\/1"}],"replies":[{"embeddable":true,"href":"https:\/\/heinlmeier.lima-city.de\/index.php?rest_route=%2Fwp%2Fv2%2Fcomments&post=429"}],"version-history":[{"count":5,"href":"https:\/\/heinlmeier.lima-city.de\/index.php?rest_route=\/wp\/v2\/pages\/429\/revisions"}],"predecessor-version":[{"id":786,"href":"https:\/\/heinlmeier.lima-city.de\/index.php?rest_route=\/wp\/v2\/pages\/429\/revisions\/786"}],"up":[{"embeddable":true,"href":"https:\/\/heinlmeier.lima-city.de\/index.php?rest_route=\/wp\/v2\/pages\/84"}],"wp:attachment":[{"href":"https:\/\/heinlmeier.lima-city.de\/index.php?rest_route=%2Fwp%2Fv2%2Fmedia&parent=429"}],"curies":[{"name":"wp","href":"https:\/\/api.w.org\/{rel}","templated":true}]}}