{"id":638,"date":"2012-03-06T00:03:14","date_gmt":"2012-03-05T23:03:14","guid":{"rendered":"http:\/\/heinlmeier.lima-city.de\/?page_id=638"},"modified":"2012-03-08T21:13:25","modified_gmt":"2012-03-08T20:13:25","slug":"schutzengraben-2","status":"publish","type":"page","link":"https:\/\/heinlmeier.lima-city.de\/?page_id=638","title":{"rendered":"Sch\u00fctzengraben"},"content":{"rendered":"<p>Singeltrail vom Gr\u00fc\u00df di a Gott-Wirt Richtung Weidling und Dambachgraben und ein Teil der Hameau-Strecke.<\/p>\n<p><iframe loading=\"lazy\" width=\"640\" height=\"360\" src=\"http:\/\/www.youtube.com\/embed\/IHwM4tDKO14\" frameborder=\"0\" allowfullscreen><\/iframe><\/p>\n","protected":false},"excerpt":{"rendered":"<p>Singeltrail vom Gr\u00fc\u00df di a Gott-Wirt Richtung Weidling und Dambachgraben und ein Teil der Hameau-Strecke.<\/p>\n","protected":false},"author":1,"featured_media":0,"parent":32,"menu_order":5,"comment_status":"closed","ping_status":"closed","template":"","meta":[],"_links":{"self":[{"href":"https:\/\/heinlmeier.lima-city.de\/index.php?rest_route=\/wp\/v2\/pages\/638"}],"collection":[{"href":"https:\/\/heinlmeier.lima-city.de\/index.php?rest_route=\/wp\/v2\/pages"}],"about":[{"href":"https:\/\/heinlmeier.lima-city.de\/index.php?rest_route=\/wp\/v2\/types\/page"}],"author":[{"embeddable":true,"href":"https:\/\/heinlmeier.lima-city.de\/index.php?rest_route=\/wp\/v2\/users\/1"}],"replies":[{"embeddable":true,"href":"https:\/\/heinlmeier.lima-city.de\/index.php?rest_route=%2Fwp%2Fv2%2Fcomments&post=638"}],"version-history":[{"count":4,"href":"https:\/\/heinlmeier.lima-city.de\/index.php?rest_route=\/wp\/v2\/pages\/638\/revisions"}],"predecessor-version":[{"id":653,"href":"https:\/\/heinlmeier.lima-city.de\/index.php?rest_route=\/wp\/v2\/pages\/638\/revisions\/653"}],"up":[{"embeddable":true,"href":"https:\/\/heinlmeier.lima-city.de\/index.php?rest_route=\/wp\/v2\/pages\/32"}],"wp:attachment":[{"href":"https:\/\/heinlmeier.lima-city.de\/index.php?rest_route=%2Fwp%2Fv2%2Fmedia&parent=638"}],"curies":[{"name":"wp","href":"https:\/\/api.w.org\/{rel}","templated":true}]}}