{"id":84,"date":"2010-07-20T14:56:43","date_gmt":"2010-07-20T12:56:43","guid":{"rendered":"http:\/\/heinlmeier.he.funpic.de\/?page_id=84"},"modified":"2012-10-14T10:02:34","modified_gmt":"2012-10-14T08:02:34","slug":"meine-werkzeuge","status":"publish","type":"page","link":"https:\/\/heinlmeier.lima-city.de\/?page_id=84","title":{"rendered":"Meine Werkzeuge"},"content":{"rendered":"<p>Eine kleine \u00dcbersicht meiner mehr oder weniger teuren Anschaffungen f\u00fcr diesen Sport.<br \/>\nKeine Inventurliste sondern nur ein paar Dinge die Jeder Radsportler fr\u00fcher oder sp\u00e4ter brauchen kann.<\/p>\n<p><a href=\"http:\/\/heinlmeier.lima-city.de\/?page_id=395\" title=\"KTM Team Machine\">KTM Team Machine<\/a><\/p>\n<p><a href=\"http:\/\/heinlmeier.lima-city.de\/?page_id=400\" title=\"KTM Score Carbon\">KTM Score Carbon<\/a><\/p>\n<p><a href=\"http:\/\/heinlmeier.lima-city.de\/?page_id=404\" title=\"KTM Myroon Prestige\">KTM Myroon Prestige<\/a><\/p>\n<p><a href=\"http:\/\/heinlmeier.lima-city.de\/?page_id=408\" title=\"KTM Strada LC 5000\">KTM Strada LC 5000<\/a><\/p>\n<p><a href=\"http:\/\/heinlmeier.lima-city.de\/?page_id=419\" title=\"Garmin Dakota 20\">Garmin Dakota 20<\/a><\/p>\n<p><a href=\"http:\/\/heinlmeier.lima-city.de\/?page_id=424\" title=\"Contour HD\">Contour HD<\/a><\/p>\n<p><a href=\"http:\/\/heinlmeier.lima-city.de\/?page_id=438\" title=\"Sigma Mirage Evo\/ Evo X\">Sigma Mirage Evo\/ Evo X<\/a><\/p>\n<p><a href=\"http:\/\/heinlmeier.lima-city.de\/?page_id=429\" title=\"Sigma Powerled Evo\">Sigma Powerled Evo<\/a><\/p>\n<p><a href=\"http:\/\/heinlmeier.lima-city.de\/?page_id=443\" title=\"Magicshine MJ-872\">Magicshine MJ-872<\/a><\/p>\n<p><a href=\"http:\/\/heinlmeier.lima-city.de\/?page_id=452\" title=\"Tacx Cosmos T1970 Ergo-Trainingsrolle\">Tacx Cosmos T1970 Ergo-Trainingsrolle<\/a><\/p>\n","protected":false},"excerpt":{"rendered":"<p>Eine kleine \u00dcbersicht meiner mehr oder weniger teuren Anschaffungen f\u00fcr diesen Sport. Keine Inventurliste sondern nur ein paar Dinge die Jeder Radsportler fr\u00fcher oder sp\u00e4ter brauchen kann. KTM Team Machine KTM Score Carbon KTM Myroon Prestige KTM Strada LC 5000 &hellip; <a href=\"https:\/\/heinlmeier.lima-city.de\/?page_id=84\">Weiterlesen <span class=\"meta-nav\">&rarr;<\/span><\/a><\/p>\n","protected":false},"author":1,"featured_media":0,"parent":0,"menu_order":1,"comment_status":"closed","ping_status":"closed","template":"","meta":[],"_links":{"self":[{"href":"https:\/\/heinlmeier.lima-city.de\/index.php?rest_route=\/wp\/v2\/pages\/84"}],"collection":[{"href":"https:\/\/heinlmeier.lima-city.de\/index.php?rest_route=\/wp\/v2\/pages"}],"about":[{"href":"https:\/\/heinlmeier.lima-city.de\/index.php?rest_route=\/wp\/v2\/types\/page"}],"author":[{"embeddable":true,"href":"https:\/\/heinlmeier.lima-city.de\/index.php?rest_route=\/wp\/v2\/users\/1"}],"replies":[{"embeddable":true,"href":"https:\/\/heinlmeier.lima-city.de\/index.php?rest_route=%2Fwp%2Fv2%2Fcomments&post=84"}],"version-history":[{"count":5,"href":"https:\/\/heinlmeier.lima-city.de\/index.php?rest_route=\/wp\/v2\/pages\/84\/revisions"}],"predecessor-version":[{"id":591,"href":"https:\/\/heinlmeier.lima-city.de\/index.php?rest_route=\/wp\/v2\/pages\/84\/revisions\/591"}],"wp:attachment":[{"href":"https:\/\/heinlmeier.lima-city.de\/index.php?rest_route=%2Fwp%2Fv2%2Fmedia&parent=84"}],"curies":[{"name":"wp","href":"https:\/\/api.w.org\/{rel}","templated":true}]}}